{"id":12,"date":"2025-09-16T12:29:25","date_gmt":"2025-09-16T12:29:25","guid":{"rendered":"https:\/\/startersites.io\/blocksy\/codespot\/?page_id=12"},"modified":"2026-03-04T18:47:09","modified_gmt":"2026-03-04T18:47:09","slug":"about","status":"publish","type":"page","link":"https:\/\/axxiscostadelsol.es\/es\/about\/","title":{"rendered":"About"},"content":{"rendered":"<div class=\"wp-block-greenshift-blocks-row alignfull gspb_row gspb_row-id-gsbp-9d097bc gspb_row--gutter-custom-0\" id=\"gspb_row-id-gsbp-9d097bc\"><div class=\"gspb_row__content\"> \n<div class=\"wp-block-greenshift-blocks-row-column gspb_row__col--12 gspb_row__col--md-12 gspb_col-id-gsbp-6c4d819\" id=\"gspb_col-id-gsbp-6c4d819\">\n<h4 id=\"gspb_heading-id-gsbp-f13b791\" class=\"gspb_heading gspb_heading-id-gsbp-f13b791\">No movemos mercanc\u00eda. Movemos lo que importa.<\/h4>\n\n\n\n<div id=\"gspb_text-id-gsbp-b6c5e4c\" class=\"gspb_text gspb_text-id-gsbp-b6c5e4c translation-block\">AXXIS naci\u00f3 en la Costa del Sol, donde la gente llega para empezar de nuevo, los negocios crecen, las propiedades cambian de manos y las historias comienzan.<br> En ese flujo constante, vimos algo con claridad: el transporte se hab\u00eda vuelto fr\u00edo, impersonal y b\u00e1sico. As\u00ed que decidimos cambiarlo.<br>\n\nConstruimos AXXIS sobre una idea simple y poderosa: convertir la log\u00edstica en una experiencia premium. Porque cuando alguien conf\u00eda en nosotros su moto, sus pertenencias, el mobiliario de una vivienda o una entrega urgente, no nos est\u00e1 entregando objetos. Nos est\u00e1 entregando confianza, tiempo y tranquilidad.<br>\n\nDesde el primer d\u00eda, AXXIS se cre\u00f3 con mentalidad de marca, no con mentalidad de \u201cfurgoneta y carga\u201d. Cuidamos la imagen.<br> Cuidamos los detalles. Cuidamos la experiencia, porque en un lugar internacional como la Costa del Sol, el nivel debe ser alto. Y nosotros operamos a ese nivel.<\/div>\n<\/div>\n <\/div><\/div>\n\n\n\n<div id=\"wp-block-themeisle-blocks-advanced-columns-800ba6c5\" class=\"wp-block-themeisle-blocks-advanced-columns alignfull has-1-columns has-desktop-equal-layout has-tablet-equal-layout has-mobile-equal-layout has-vertical-unset\"><div class=\"wp-block-themeisle-blocks-advanced-columns-overlay\"><\/div><div class=\"innerblocks-wrap\">\n<div id=\"wp-block-themeisle-blocks-advanced-column-7f09c2ed\" class=\"wp-block-themeisle-blocks-advanced-column\">\n<div style=\"height:20px\" aria-hidden=\"true\" class=\"wp-block-spacer\"><\/div>\n\n\n\n<h2 class=\"wp-block-heading has-palette-color-4-color has-text-color has-link-color wp-elements-44d2b6813a17d0fda9b8cfb7db76d133\" id=\"meet-our-team-1\" style=\"font-size:clamp(28.836px, 1.802rem + ((1vw - 3.2px) * 1.653), 50px);\">Conoce a nuestro Equipo<\/h2>\n<\/div>\n<\/div><\/div>\n\n\n\n<div id=\"wp-block-themeisle-blocks-advanced-columns-29c9ec04\" class=\"wp-block-themeisle-blocks-advanced-columns alignfull has-2-columns has-desktop-equal-layout has-tablet-equal-layout has-mobile-collapsedRows-layout has-vertical-unset\"><div class=\"wp-block-themeisle-blocks-advanced-columns-overlay\"><\/div><div class=\"innerblocks-wrap\">\n<div id=\"wp-block-themeisle-blocks-advanced-column-0c1c72c3\" class=\"wp-block-themeisle-blocks-advanced-column\">\n<figure class=\"wp-block-image size-full has-custom-border\"><img loading=\"lazy\" decoding=\"async\" width=\"600\" height=\"600\" src=\"https:\/\/axxiscostadelsol.es\/wp-content\/uploads\/2026\/03\/ALEJ-AXXIS.png\" alt=\"\" class=\"wp-image-1265\" style=\"border-style:none;border-width:0px;border-radius:0px\" srcset=\"https:\/\/axxiscostadelsol.es\/wp-content\/uploads\/2026\/03\/ALEJ-AXXIS.png 600w, https:\/\/axxiscostadelsol.es\/wp-content\/uploads\/2026\/03\/ALEJ-AXXIS-300x300.png 300w, https:\/\/axxiscostadelsol.es\/wp-content\/uploads\/2026\/03\/ALEJ-AXXIS-150x150.png 150w, https:\/\/axxiscostadelsol.es\/wp-content\/uploads\/2026\/03\/ALEJ-AXXIS-12x12.png 12w\" sizes=\"auto, (max-width: 600px) 100vw, 600px\" \/><\/figure>\n\n\n\n<div style=\"height:16px\" aria-hidden=\"true\" class=\"wp-block-spacer\"><\/div>\n\n\n\n<h3 class=\"wp-block-heading has-palette-color-4-color has-text-color has-link-color wp-elements-0bbdf242c4b9cbffa9dc8d0a7b08a7e7\" id=\"vincent-reynolds-1\" style=\"margin-top:0px\">Alejandro Aragon\u00e9s<\/h3>\n\n\n\n<p class=\"has-palette-color-1-color has-text-color\" style=\"font-size:14px\"><strong>Fundador de la Empresa<\/strong><\/p>\n<\/div>\n\n\n\n<div id=\"wp-block-themeisle-blocks-advanced-column-28d7c423\" class=\"wp-block-themeisle-blocks-advanced-column\">\n<figure class=\"wp-block-image size-full has-custom-border\"><img loading=\"lazy\" decoding=\"async\" width=\"726\" height=\"600\" src=\"https:\/\/axxiscostadelsol.es\/wp-content\/uploads\/2026\/03\/ALE-axxis.jpg\" alt=\"\" class=\"wp-image-1264\" style=\"border-style:none;border-width:0px;border-radius:0px\" srcset=\"https:\/\/axxiscostadelsol.es\/wp-content\/uploads\/2026\/03\/ALE-axxis.jpg 726w, https:\/\/axxiscostadelsol.es\/wp-content\/uploads\/2026\/03\/ALE-axxis-300x248.jpg 300w, https:\/\/axxiscostadelsol.es\/wp-content\/uploads\/2026\/03\/ALE-axxis-15x12.jpg 15w\" sizes=\"auto, (max-width: 726px) 100vw, 726px\" \/><\/figure>\n\n\n\n<div style=\"height:16px\" aria-hidden=\"true\" class=\"wp-block-spacer\"><\/div>\n\n\n\n<h3 class=\"wp-block-heading has-palette-color-4-color has-text-color has-link-color wp-elements-f9513b8bdb73b8c7a48d648794deb5a2\" id=\"oliver-hendricks-1\" style=\"margin-top:0px\">Alessandro Mazzei Popper<\/h3>\n\n\n\n<p class=\"has-palette-color-1-color has-text-color\" style=\"font-size:14px\"><strong><strong><strong>Fundador de la Empresa<\/strong><\/strong><\/strong><\/p>\n<\/div>\n<\/div><\/div>\n\n\n\n<h2 class=\"wp-block-heading\" id=\"our-vision\">Nuestra Visi\u00f3n<\/h2>\n\n\n\n<div style=\"height:50px\" aria-hidden=\"true\" class=\"wp-block-spacer\"><\/div>\n\n\n\n<div class=\"wp-block-group alignfull has-background is-layout-flow wp-block-group-is-layout-flow\" style=\"background-color:#d4b550cc\">\n<div style=\"height:70px\" aria-hidden=\"true\" class=\"wp-block-spacer\"><\/div>\n\n\n\n<div class=\"wp-block-columns alignwide are-vertically-aligned-center is-layout-flex wp-container-core-columns-is-layout-28f84493 wp-block-columns-is-layout-flex\">\n<div class=\"wp-block-column is-layout-flow wp-block-column-is-layout-flow\" style=\"flex-basis:50%\">\n<p class=\"has-text-color\" style=\"color:#000000;font-size:clamp(18.959px, 1.185rem + ((1vw - 3.2px) * 0.863), 30px);line-height:1.1\"><strong>M\u00e1s all\u00e1 de la Log\u00edstica<\/strong><\/p>\n<\/div>\n\n\n\n<div class=\"wp-block-column is-layout-flow wp-block-column-is-layout-flow\" style=\"flex-basis:50%\">\n<hr class=\"wp-block-separator has-text-color has-css-opacity has-background is-style-wide\" style=\"background-color:#000000;color:#000000\"\/>\n<\/div>\n<\/div>\n\n\n\n<div class=\"wp-block-columns alignwide is-layout-flex wp-container-core-columns-is-layout-28f84493 wp-block-columns-is-layout-flex\">\n<div class=\"wp-block-column is-layout-flow wp-block-column-is-layout-flow\"><\/div>\n\n\n\n<div class=\"wp-block-column is-layout-flow wp-block-column-is-layout-flow\">\n<p class=\"has-text-color translation-block\" style=\"color:#000000;font-size:clamp(14px, 0.875rem + ((1vw - 3.2px) * 0.469), 20px);\">No queremos ser \u201cuna empresa de transporte m\u00e1s\u201d. Queremos ser la referencia:<br>\nLa empresa que recomiendan los hoteles.\nLa que llaman las inmobiliarias cuando necesitan rapidez y profesionalidad.<br>\nEl socio de confianza en el que se apoyan los propietarios extranjeros.<br>\nLa marca que destaca en la carretera y en la mente del cliente.<\/p>\n<\/div>\n\n\n\n<div class=\"wp-block-column is-layout-flow wp-block-column-is-layout-flow\">\n<p class=\"has-text-color\" style=\"color:#000000;font-size:clamp(14px, 0.875rem + ((1vw - 3.2px) * 0.469), 20px);\">No competimos por ser los m\u00e1s baratos. Competimos por ser los m\u00e1s fiables, los m\u00e1s profesionales, los m\u00e1s s\u00f3lidos. Porque el crecimiento real no viene del volumen. Viene de la reputaci\u00f3n.<\/p>\n<\/div>\n<\/div>\n\n\n\n<div style=\"height:40px\" aria-hidden=\"true\" class=\"wp-block-spacer\"><\/div>\n<\/div>\n\n\n\n<div style=\"height:100px\" aria-hidden=\"true\" class=\"wp-block-spacer\"><\/div>\n\n\n\n<section id=\"wp-block-themeisle-blocks-advanced-columns-cb87630d\" class=\"wp-block-themeisle-blocks-advanced-columns alignfull has-1-columns has-desktop-equal-layout has-tablet-equal-layout has-mobile-equal-layout has-vertical-center\"><div class=\"wp-block-themeisle-blocks-advanced-columns-overlay\"><\/div><div class=\"innerblocks-wrap\">\n<div id=\"wp-block-themeisle-blocks-advanced-column-a521c34e\" class=\"wp-block-themeisle-blocks-advanced-column\">\n<h2 class=\"wp-block-heading has-text-align-center has-text-color\" id=\"schedule-a-free-consulting-call-with-a-representative-1\" style=\"color:#ffffff\">Reserva tu traslado premium hoy<\/h2>\n\n\n\n<div style=\"height:40px\" aria-hidden=\"true\" class=\"wp-block-spacer\"><\/div>\n\n\n\n<div class=\"wp-block-buttons is-content-justification-center is-layout-flex wp-container-core-buttons-is-layout-a89b3969 wp-block-buttons-is-layout-flex\">\n<div class=\"wp-block-button is-style-primary\"><a class=\"wp-block-button__link has-palette-color-1-background-color has-text-color has-background has-link-color wp-element-button\" href=\"https:\/\/axxiscostadelsol.es\/contact\/\" style=\"color:#080808\">Cont\u00e1ctanos<\/a><\/div>\n<\/div>\n<\/div>\n<\/div><\/section>\n\n\n\n<div style=\"height:100px\" aria-hidden=\"true\" class=\"wp-block-spacer\"><\/div>\n\n\n\n<figure class=\"wp-block-image aligncenter size-large\"><img loading=\"lazy\" decoding=\"async\" width=\"1024\" height=\"458\" src=\"https:\/\/axxiscostadelsol.es\/wp-content\/uploads\/2026\/03\/LOGO-AXXIS-BB-L-1024x458.png\" alt=\"\" class=\"wp-image-1208\" srcset=\"https:\/\/axxiscostadelsol.es\/wp-content\/uploads\/2026\/03\/LOGO-AXXIS-BB-L-1024x458.png 1024w, https:\/\/axxiscostadelsol.es\/wp-content\/uploads\/2026\/03\/LOGO-AXXIS-BB-L-300x134.png 300w, https:\/\/axxiscostadelsol.es\/wp-content\/uploads\/2026\/03\/LOGO-AXXIS-BB-L-768x343.png 768w, https:\/\/axxiscostadelsol.es\/wp-content\/uploads\/2026\/03\/LOGO-AXXIS-BB-L-1536x686.png 1536w, https:\/\/axxiscostadelsol.es\/wp-content\/uploads\/2026\/03\/LOGO-AXXIS-BB-L-18x8.png 18w, https:\/\/axxiscostadelsol.es\/wp-content\/uploads\/2026\/03\/LOGO-AXXIS-BB-L.png 1600w\" sizes=\"auto, (max-width: 1024px) 100vw, 1024px\" \/><\/figure>\n\n\n\n<div style=\"height:100px\" aria-hidden=\"true\" class=\"wp-block-spacer\"><\/div>","protected":false},"excerpt":{"rendered":"<p>Our Vision Beyond Logistics We don\u2019t want to be \u201cjust another\u201d transport company. We want to be the reference:The company hotels recommend.The one estate agents call when they need speed and professionalism.The trusted partner foreign homeowners rely on.The brand that stands out on the road\u2014and in the customer\u2019s mind. We don\u2019t compete to be the [&hellip;]<\/p>\n","protected":false},"author":1,"featured_media":0,"parent":0,"menu_order":0,"comment_status":"closed","ping_status":"closed","template":"","meta":{"_gspb_post_css":"#gspb_row-id-gsbp-9d097bc{justify-content:space-between;margin-top:0;display:flex;flex-wrap:wrap;margin-bottom:0;padding-top:240px}#gspb_row-id-gsbp-9d097bc>.gspb_row__content{display:flex;justify-content:space-between;margin:0 auto;width:100%;flex-wrap:wrap}.gspb_row{position:relative}div[id^=gspb_col-id]{box-sizing:border-box;position:relative}body.gspb-bodyfront #gspb_row-id-gsbp-9d097bc>.gspb_row__content{width:var(--theme-container-width, 1200px);max-width:var(--theme-normal-container-max-width, 1200px)}@media (max-width:991.98px){#gspb_row-id-gsbp-9d097bc{margin-bottom:70px;padding-top:150px}}@media (max-width:575.98px){#gspb_row-id-gsbp-9d097bc{margin-bottom:50px;padding-top:120px}}#gspb_row-id-gsbp-9d097bc{border-bottom-style:solid;border-bottom-width:1px;border-bottom-color:#ffffff1c}#gspb_col-id-gsbp-6c4d819.gspb_row__col--12{width:calc(100% - 75px)}@media (max-width:991.98px){#gspb_col-id-gsbp-6c4d819.gspb_row__col--12{width:100%}}@media (max-width:767.98px){#gspb_col-id-gsbp-6c4d819.gspb_row__col--12{width:calc(100% - 75px)}}@media (max-width:575.98px){#gspb_col-id-gsbp-6c4d819.gspb_row__col--12{width:100%}}.gspb_row #gspb_col-id-gsbp-6c4d819.gspb_row__col--12{padding-bottom:100px}@media (max-width:991.98px){.gspb_row #gspb_col-id-gsbp-6c4d819.gspb_row__col--12{padding-bottom:70px}}@media (max-width:575.98px){.gspb_row #gspb_col-id-gsbp-6c4d819.gspb_row__col--12{padding-bottom:50px}}body #gspb_col-id-gsbp-6c4d819.gspb_row__col--12{display:flex;flex-direction:column;justify-content:flex-start}#gspb_heading-id-gsbp-f13b791{font-size:40px;line-height:1.3em}@media (max-width:991.98px){#gspb_heading-id-gsbp-f13b791{font-size:45px}}@media (max-width:575.98px){#gspb_heading-id-gsbp-f13b791{font-size:30px}}@media (max-width:991.98px){#gspb_heading-id-gsbp-f13b791,#gspb_heading-id-gsbp-f13b791 .gsap-g-line{text-align:center!important}}#gspb_heading-id-gsbp-f13b791{margin-top:0;margin-bottom:20px}.gspb_text-id-gsbp-b6c5e4c{font-size:18px}@media (max-width:991.98px){.gspb_text-id-gsbp-b6c5e4c{font-size:18px}}@media (max-width:575.98px){.gspb_text-id-gsbp-b6c5e4c{font-size:16px}}@media (max-width:991.98px){.gspb_text-id-gsbp-b6c5e4c,.gspb_text-id-gsbp-b6c5e4c .gsap-g-line{text-align:center!important}}","_themeisle_gutenberg_block_has_review":false,"footnotes":""},"class_list":["post-12","page","type-page","status-publish","hentry"],"blocksy_meta":{"has_hero_section":"disabled","vertical_spacing_source":"custom","content_area_spacing":"none","styles_descriptor":{"styles":{"desktop":"","tablet":"","mobile":""},"google_fonts":[],"version":6}},"_hostinger_reach_plugin_has_subscription_block":false,"_hostinger_reach_plugin_is_elementor":false,"_links":{"self":[{"href":"https:\/\/axxiscostadelsol.es\/es\/wp-json\/wp\/v2\/pages\/12","targetHints":{"allow":["GET"]}}],"collection":[{"href":"https:\/\/axxiscostadelsol.es\/es\/wp-json\/wp\/v2\/pages"}],"about":[{"href":"https:\/\/axxiscostadelsol.es\/es\/wp-json\/wp\/v2\/types\/page"}],"author":[{"embeddable":true,"href":"https:\/\/axxiscostadelsol.es\/es\/wp-json\/wp\/v2\/users\/1"}],"replies":[{"embeddable":true,"href":"https:\/\/axxiscostadelsol.es\/es\/wp-json\/wp\/v2\/comments?post=12"}],"version-history":[{"count":17,"href":"https:\/\/axxiscostadelsol.es\/es\/wp-json\/wp\/v2\/pages\/12\/revisions"}],"predecessor-version":[{"id":1364,"href":"https:\/\/axxiscostadelsol.es\/es\/wp-json\/wp\/v2\/pages\/12\/revisions\/1364"}],"wp:attachment":[{"href":"https:\/\/axxiscostadelsol.es\/es\/wp-json\/wp\/v2\/media?parent=12"}],"curies":[{"name":"wp","href":"https:\/\/api.w.org\/{rel}","templated":true}]}}