{"id":1250,"date":"2026-03-04T11:14:34","date_gmt":"2026-03-04T11:14:34","guid":{"rendered":"https:\/\/axxiscostadelsol.es\/?page_id=1250"},"modified":"2026-03-05T18:16:42","modified_gmt":"2026-03-05T18:16:42","slug":"legal","status":"publish","type":"page","link":"https:\/\/axxiscostadelsol.es\/es\/legal\/","title":{"rendered":"Legal"},"content":{"rendered":"<div style=\"height:100px\" aria-hidden=\"true\" class=\"wp-block-spacer\"><\/div>\n\n\n\n<section id=\"wp-block-themeisle-blocks-advanced-columns-e4373a2b\" class=\"wp-block-themeisle-blocks-advanced-columns alignfull has-1-columns has-desktop-equal-layout has-tablet-equal-layout has-mobile-equal-layout has-vertical-flex-start\"><div class=\"wp-block-themeisle-blocks-advanced-columns-overlay\"><\/div><div class=\"innerblocks-wrap\">\n<div id=\"wp-block-themeisle-blocks-advanced-column-0b9db5af\" class=\"wp-block-themeisle-blocks-advanced-column\">\n<section id=\"wp-block-themeisle-blocks-advanced-columns-62d68e08\" class=\"wp-block-themeisle-blocks-advanced-columns has-1-columns has-desktop-equal-layout has-tablet-equal-layout has-mobile-equal-layout has-vertical-flex-start\"><div class=\"wp-block-themeisle-blocks-advanced-columns-overlay\"><\/div><div class=\"innerblocks-wrap\">\n<div id=\"wp-block-themeisle-blocks-advanced-column-ba020b38\" class=\"wp-block-themeisle-blocks-advanced-column\">\n<p class=\"has-text-align-center\" style=\"font-size:clamp(14.642px, 0.915rem + ((1vw - 3.2px) * 0.575), 22px);\">Consulta nuestra informaci\u00f3n legal, incluida nuestra Pol\u00edtica de Privacidad, Pol\u00edtica de Cookies, T\u00e9rminos y Condiciones...<\/p>\n<\/div>\n<\/div><\/section>\n\n\n\n<section id=\"wp-block-themeisle-blocks-advanced-columns-6fc7adce\" class=\"wp-block-themeisle-blocks-advanced-columns has-2-columns has-desktop-equal-layout has-tablet-equal-layout has-mobile-collapsedRows-layout has-vertical-flex-start\"><div class=\"wp-block-themeisle-blocks-advanced-columns-overlay\"><\/div><div class=\"innerblocks-wrap\">\n<div id=\"wp-block-themeisle-blocks-advanced-column-25e97a9a\" class=\"wp-block-themeisle-blocks-advanced-column\">\n<div id=\"wp-block-themeisle-blocks-font-awesome-icons-d5c7d449\" class=\"wp-block-themeisle-blocks-font-awesome-icons\"><span class=\"wp-block-themeisle-blocks-font-awesome-icons-container\"><a href=\"https:\/\/axxiscostadelsol.es\/legal\/privacy\/\" target=\"_self\" rel=\"noopener noreferrer\"><svg xmlns=\"http:\/\/www.w3.org\/2000\/svg\" viewbox=\"0 0 1800 1800\"><path d=\"M900,1793.016c-2.796,0-5.594-0.375-8.315-1.125c-7.969-2.199-197.36-55.807-388.728-226.607 c-112.377-100.305-201.914-220.375-266.128-356.88c-79.987-170.042-120.543-365.937-120.543-582.248 c0-9.624,4.431-18.711,12.016-24.637L880.752,13.613c11.308-8.837,27.187-8.837,38.496,0l752.451,587.905 c7.584,5.925,12.016,15.013,12.016,24.637c0,216.312-40.559,412.206-120.546,582.248 c-64.212,136.505-153.751,256.575-266.123,356.88c-191.37,170.801-380.764,224.408-388.732,226.607 C905.592,1792.641,902.796,1793.016,900,1793.016z M178.88,641.351c3.271,367.343,125.555,661.791,363.594,875.387 C701.154,1659.123,862.076,1716.81,900,1729.049c37.924-12.239,198.846-69.926,357.525-212.311 c238.039-213.597,360.325-508.044,363.592-875.387L900,77.925L178.88,641.351z\"><\/path><path d=\"M900,1593.533c-2.798,0-5.594-0.375-8.315-1.125c-6.189-1.71-153.319-43.35-301.636-175.734 c-87.095-77.732-156.485-170.791-206.251-276.582c-61.928-131.65-93.328-283.236-93.328-450.545 c0-9.624,4.432-18.711,12.017-24.637L880.752,213.1c11.308-8.834,27.187-8.839,38.496,0l578.266,451.81 c7.585,5.925,12.017,15.013,12.017,24.637c0,167.309-31.399,318.895-93.329,450.545 c-49.762,105.791-119.155,198.85-206.248,276.582c-148.316,132.385-295.446,174.024-301.64,175.734 C905.596,1593.158,902.798,1593.533,900,1593.533z M353.087,704.725c3.256,278.249,96.237,501.402,276.493,663.417 c118.248,106.279,238.227,150.755,270.42,161.38c32.193-10.625,152.172-55.101,270.42-161.38 c180.256-162.016,273.236-385.169,276.495-663.417L900,277.412L353.087,704.725z\"><\/path><\/svg><\/a><\/span><\/div>\n\n\n\n<h4 id=\"wp-block-themeisle-blocks-advanced-heading-72a9f7c8\" class=\"wp-block-themeisle-blocks-advanced-heading wp-block-themeisle-blocks-advanced-heading-72a9f7c8\">Privacidad y Cookies<\/h4>\n\n\n\n<div style=\"height:20px\" aria-hidden=\"true\" class=\"wp-block-spacer\"><\/div>\n\n\n\n<div class=\"wp-block-buttons is-content-justification-center is-layout-flex wp-container-core-buttons-is-layout-a89b3969 wp-block-buttons-is-layout-flex\">\n<div class=\"wp-block-button\"><a class=\"wp-block-button__link wp-element-button\" href=\"https:\/\/axxiscostadelsol.es\/legal\/privacy\/\">Consultar<\/a><\/div>\n<\/div>\n<\/div>\n\n\n\n<div id=\"wp-block-themeisle-blocks-advanced-column-6be03cf4\" class=\"wp-block-themeisle-blocks-advanced-column\">\n<div id=\"wp-block-themeisle-blocks-font-awesome-icons-52fbd165\" class=\"wp-block-themeisle-blocks-font-awesome-icons\"><span class=\"wp-block-themeisle-blocks-font-awesome-icons-container\"><a href=\"https:\/\/axxiscostadelsol.es\/legal\/terms\/\" target=\"_self\" rel=\"noopener noreferrer\"><svg xmlns=\"http:\/\/www.w3.org\/2000\/svg\" viewbox=\"0 0 1800 1800\"><path d=\"M1786.11,816.827c-0.656-2.722-1.644-5.309-2.966-7.695c0-0.009-0.004-0.017-0.004-0.017L1544.37,376.403 c-0.035-0.065-0.069-0.13-0.104-0.196l-0.052-0.091c-0.083-0.152-0.183-0.283-0.266-0.43c-0.073-0.122-0.152-0.244-0.222-0.365 c-0.252-0.426-0.504-0.861-0.782-1.283c-0.101-0.157-0.2-0.317-0.309-0.469c-0.191-0.283-0.404-0.544-0.604-0.813 c-0.287-0.4-0.578-0.8-0.892-1.187c-0.104-0.126-0.204-0.257-0.313-0.383c-0.257-0.313-0.535-0.604-0.805-0.9 c-0.296-0.331-0.587-0.657-0.896-0.974c-0.108-0.108-0.218-0.217-0.33-0.326c-0.331-0.326-0.679-0.635-1.022-0.943 c-0.282-0.256-0.556-0.517-0.848-0.761c-0.13-0.104-0.256-0.208-0.383-0.313c-0.404-0.326-0.821-0.626-1.234-0.93 c-0.261-0.188-0.504-0.387-0.773-0.57c-0.148-0.104-0.305-0.205-0.461-0.309c-0.435-0.283-0.883-0.543-1.331-0.804 c-0.112-0.069-0.226-0.144-0.339-0.209c-0.147-0.083-0.278-0.183-0.422-0.261c-0.013-0.009-0.03-0.013-0.043-0.021 c-0.17-0.092-0.344-0.179-0.514-0.266c-0.387-0.204-0.791-0.387-1.187-0.574c-0.526-0.248-1.052-0.496-1.591-0.717 c-0.356-0.148-0.727-0.27-1.092-0.4c-0.582-0.213-1.161-0.421-1.761-0.6c-0.392-0.117-0.791-0.204-1.183-0.305 c-0.47-0.121-0.931-0.265-1.408-0.36c-0.109-0.026-0.222-0.035-0.335-0.052c-0.426-0.087-0.861-0.139-1.291-0.2 c-0.487-0.078-0.975-0.174-1.461-0.222c0,0-0.03,0-0.044-0.004c-0.052,0-0.104,0-0.156-0.009c-0.521-0.048-1.052-0.061-1.583-0.087 c-0.443-0.018-0.882-0.057-1.321-0.057l-0.087-0.004h-0.087c-0.087,0-0.17,0-0.252,0H931.164V227.699 c46.116-13.509,79.902-56.168,79.902-106.597c0-61.246-49.829-111.075-111.075-111.075c-61.246,0-111.074,49.829-111.074,111.075 c0,50.433,33.794,93.097,79.919,106.605v132.3H283.351c0,0-0.061,0-0.091,0h-0.188h-0.043c-0.644,0-1.287,0.052-1.931,0.091 c-0.305,0.018-0.613,0.022-0.917,0.048c-0.757,0.07-1.509,0.191-2.257,0.313c-0.235,0.043-0.465,0.065-0.695,0.108 c-0.718,0.139-1.426,0.322-2.14,0.509c-0.27,0.074-0.548,0.13-0.817,0.209c-0.7,0.208-1.382,0.452-2.061,0.704 c-0.261,0.1-0.53,0.183-0.787,0.287c-0.635,0.261-1.248,0.548-1.865,0.843c-0.304,0.148-0.617,0.287-0.917,0.443 c-0.196,0.1-0.392,0.196-0.583,0.3c-0.013,0.009-0.031,0.013-0.043,0.021c-0.144,0.078-0.274,0.178-0.422,0.261 c-0.174,0.1-0.339,0.209-0.509,0.309c-0.369,0.222-0.743,0.435-1.1,0.67c-0.174,0.113-0.353,0.226-0.522,0.343 c-0.3,0.205-0.574,0.426-0.861,0.639c-0.37,0.274-0.743,0.535-1.1,0.826c-0.144,0.117-0.287,0.23-0.431,0.348 c-0.313,0.266-0.609,0.543-0.913,0.822c-0.313,0.278-0.626,0.556-0.926,0.852c-0.122,0.117-0.239,0.235-0.361,0.356 c-0.326,0.331-0.63,0.679-0.939,1.022c-0.248,0.274-0.504,0.543-0.739,0.831c-0.113,0.13-0.227,0.27-0.335,0.404 c-0.322,0.399-0.622,0.813-0.917,1.222c-0.191,0.256-0.387,0.5-0.565,0.765c-0.113,0.157-0.218,0.322-0.322,0.483 c-0.278,0.422-0.53,0.856-0.782,1.283c-0.078,0.13-0.156,0.256-0.235,0.387c-0.078,0.144-0.174,0.266-0.252,0.409l-0.052,0.091 c-0.035,0.065-0.069,0.131-0.104,0.196L16.864,809.11c-0.004,0.004-0.008,0.013-0.008,0.021c-1.322,2.387-2.309,4.974-2.965,7.695 c-0.587,2.418-0.9,4.861-0.905,7.296c0,0.013,0,0.026,0,0.039c0,148.932,121.162,270.094,270.092,270.094 c148.925,0,270.086-121.162,270.086-270.094c0-0.013-0.004-0.026-0.004-0.039c0-2.435-0.313-4.878-0.9-7.296 c-0.657-2.722-1.648-5.309-2.965-7.695c-0.004-0.009-0.004-0.017-0.004-0.017L335.862,422.336h532.974v933.441 c0,3.356,0.548,6.582,1.53,9.617c-116.218,12.348-208.584,96.527-226.327,205.889H434.676c-17.212,0-31.165,13.947-31.165,31.164 v156.36c0,17.208,13.952,31.164,31.165,31.164h930.643c17.213,0,31.164-13.956,31.164-31.164v-156.36 c0-17.217-13.951-31.164-31.164-31.164h-209.362c-17.747-109.361-110.109-193.533-226.323-205.889 c0.982-3.035,1.53-6.261,1.53-9.617V422.336h532.974L1250.715,809.11c0,0-0.005,0.013-0.009,0.021 c-1.317,2.387-2.309,4.974-2.965,7.695c-0.587,2.418-0.9,4.861-0.9,7.296c0,0.013-0.004,0.026-0.004,0.039 c0,148.932,121.161,270.094,270.086,270.094c148.931,0,270.092-121.162,270.092-270.094c0-0.013,0-0.026,0-0.039 C1787.01,821.688,1786.697,819.245,1786.11,816.827z M283.072,455.679l186.133,337.319H96.939L283.072,455.679z M283.077,1031.927 c-103.975,0-190.355-76.763-205.433-176.601h410.86C473.427,955.164,387.047,1031.927,283.077,1031.927z M851.245,121.103 c0-26.877,21.869-48.746,48.746-48.746c26.878,0,48.746,21.869,48.746,48.746c0,26.882-21.868,48.755-48.746,48.755 C873.114,169.857,851.245,147.984,851.245,121.103z M1334.155,1727.643H465.84v-94.031h206.333h455.65h206.332V1727.643z M1092.567,1571.283H707.428c18.704-83.589,97.532-145.187,192.567-145.187S1073.859,1487.694,1092.567,1571.283z M1703.061,792.998 h-372.266l186.133-337.319L1703.061,792.998z M1516.923,1031.927c-103.97,0-190.35-76.763-205.428-176.601h410.86 C1707.278,955.164,1620.898,1031.927,1516.923,1031.927z\"><\/path><\/svg><\/a><\/span><\/div>\n\n\n\n<h4 id=\"wp-block-themeisle-blocks-advanced-heading-57826d4c\" class=\"wp-block-themeisle-blocks-advanced-heading wp-block-themeisle-blocks-advanced-heading-57826d4c\">T\u00e9rminos y Condiciones<\/h4>\n\n\n\n<div style=\"height:20px\" aria-hidden=\"true\" class=\"wp-block-spacer\"><\/div>\n\n\n\n<div class=\"wp-block-buttons is-content-justification-center is-layout-flex wp-container-core-buttons-is-layout-a89b3969 wp-block-buttons-is-layout-flex\">\n<div class=\"wp-block-button\"><a class=\"wp-block-button__link wp-element-button\" href=\"https:\/\/axxiscostadelsol.es\/legal\/terms\/\">Consultar<\/a><\/div>\n<\/div>\n<\/div>\n<\/div><\/section>\n<\/div>\n<\/div><\/section>\n\n\n\n<div style=\"height:100px\" aria-hidden=\"true\" class=\"wp-block-spacer\"><\/div>","protected":false},"excerpt":{"rendered":"","protected":false},"author":1,"featured_media":0,"parent":0,"menu_order":0,"comment_status":"closed","ping_status":"closed","template":"","meta":{"_gspb_post_css":"","_themeisle_gutenberg_block_has_review":false,"footnotes":""},"class_list":["post-1250","page","type-page","status-publish","hentry"],"blocksy_meta":[],"_hostinger_reach_plugin_has_subscription_block":false,"_hostinger_reach_plugin_is_elementor":false,"_links":{"self":[{"href":"https:\/\/axxiscostadelsol.es\/es\/wp-json\/wp\/v2\/pages\/1250","targetHints":{"allow":["GET"]}}],"collection":[{"href":"https:\/\/axxiscostadelsol.es\/es\/wp-json\/wp\/v2\/pages"}],"about":[{"href":"https:\/\/axxiscostadelsol.es\/es\/wp-json\/wp\/v2\/types\/page"}],"author":[{"embeddable":true,"href":"https:\/\/axxiscostadelsol.es\/es\/wp-json\/wp\/v2\/users\/1"}],"replies":[{"embeddable":true,"href":"https:\/\/axxiscostadelsol.es\/es\/wp-json\/wp\/v2\/comments?post=1250"}],"version-history":[{"count":8,"href":"https:\/\/axxiscostadelsol.es\/es\/wp-json\/wp\/v2\/pages\/1250\/revisions"}],"predecessor-version":[{"id":1380,"href":"https:\/\/axxiscostadelsol.es\/es\/wp-json\/wp\/v2\/pages\/1250\/revisions\/1380"}],"wp:attachment":[{"href":"https:\/\/axxiscostadelsol.es\/es\/wp-json\/wp\/v2\/media?parent=1250"}],"curies":[{"name":"wp","href":"https:\/\/api.w.org\/{rel}","templated":true}]}}