{"id":1370,"date":"2026-03-05T07:47:04","date_gmt":"2026-03-05T07:47:04","guid":{"rendered":"https:\/\/axxiscostadelsol.es\/?page_id=1370"},"modified":"2026-03-05T18:03:51","modified_gmt":"2026-03-05T18:03:51","slug":"pricing","status":"publish","type":"page","link":"https:\/\/axxiscostadelsol.es\/es\/pricing\/","title":{"rendered":"Pricing"},"content":{"rendered":"<div style=\"height:100px\" aria-hidden=\"true\" class=\"wp-block-spacer\"><\/div>\n\n\n\n<h2 class=\"wp-block-heading\" id=\"axxis-costa-del-sol-strategic-pricing-model\">AXXIS Costa del Sol \u2013 Modelo Estrat\u00e9gico de Tarifas<\/h2>\n\n\n\n<p>AXXIS Costa del Sol es una empresa premium especializada en servicios de transporte local y transporte de motos en la Costa del Sol y la provincia de M\u00e1laga.<\/p>\n\n\n\n<p><a href=\"https:\/\/axxiscostadelsol.es\/contact\/\" data-type=\"page\" data-id=\"16\">Contacta con nosotros y solicita un presupuesto.<\/a><\/p>\n\n\n\n<h4 class=\"wp-block-heading\" id=\"important-service-conditions\">Importante: Condiciones del servicio<\/h4>\n\n\n\n<ul class=\"wp-block-list\">\n<li class=\" translation-block\">Presupuestos a medida: Para trabajos m\u00e1s grandes, servicios recurrentes o largas distancias, ofrecemos presupuestos personalizados<\/li>\n\n\n\n<li class=\" translation-block\">Seguro de mercanc\u00eda en tr\u00e1nsito: Todos los servicios incluyen cobertura de mercanc\u00eda para proteger los bienes durante el transporte, con total tranquilidad.<\/li>\n\n\n\n<li class=\" translation-block\">Carga y descarga: Realizamos la carga y descarga con m\u00e9todos profesionales y el material adecuado (cinchas, mantas de protecci\u00f3n, carretillas, etc.).<\/li>\n\n\n\n<li class=\" translation-block\">Tiempo de espera: La carga y descarga est\u00e1n incluidas. Si se producen demoras prolongadas ajenas al servicio, podr\u00e1 aplicarse un coste adicional por espera.<\/li>\n\n\n\n<li class=\" translation-block\">Objetos especiales: Para bultos voluminosos, pesados o delicados (motos, maquinaria, muebles fr\u00e1giles, etc.), consulta previamente para poder planificar correctamente.<\/li>\n\n\n\n<li class=\" translation-block\">Accesibilidad: El precio puede variar si el acceso es complicado (sin ascensor, escaleras estrechas, distancia larga desde el aparcamiento o necesidad de medios adicionales).<\/li>\n\n\n\n<li class=\" translation-block\">Cancelaciones: Las cancelaciones con poca antelaci\u00f3n pueden estar sujetas a costes de desplazamiento y\/o reserva.<\/li>\n<\/ul>\n\n\n\n<div style=\"height:40px\" aria-hidden=\"true\" class=\"wp-block-spacer\"><\/div>\n\n\n\n<h2 class=\"wp-block-heading has-text-align-center\" id=\"contact-us-for-a-quote\">Contacta con nosotros para solicitar un presupuesto.<\/h2>\n\n\n\n<div style=\"height:40px\" aria-hidden=\"true\" class=\"wp-block-spacer\"><\/div>\n\n\n\n<div class=\"gspb_button_wrapper gspb_button-id-gsbp-8dbc55a\" id=\"gspb_button-id-gsbp-8dbc55a\"><a class=\"wp-block-greenshift-blocks-buttonbox gspb-buttonbox wp-element-button\" href=\"https:\/\/wa.me\/34624950355\" target=\"_blank\" rel=\"noopener\"><span class=\"gspb-buttonbox-textwrap\"><span class=\"gspb-buttonbox-icon\"><svg class=\"\" style=\"display:inline-block;vertical-align:middle\" width=\"15\" height=\"15\" viewbox=\"0 0 896 1024\" xmlns=\"http:\/\/www.w3.org\/2000\/svg\"><path style=\"fill:#565D66\" d=\"M761.8 194.2c-83.8-84-195.4-130.2-314-130.2-244.8 0-444 199.2-444 444 0 78.2 20.4 154.6 59.2 222l-63 230 235.4-61.8c64.8 35.4 137.8 54 212.2 54h0.2c244.6 0 448.2-199.2 448.2-444 0-118.6-50.4-230-134.2-314zM447.8 877.4c-66.4 0-131.4-17.8-188-51.4l-13.4-8-139.6 36.6 37.2-136.2-8.8-14c-37-58.8-56.4-126.6-56.4-196.4 0-203.4 165.6-369 369.2-369 98.6 0 191.2 38.4 260.8 108.2s112.4 162.4 112.2 261c0 203.6-169.8 369.2-373.2 369.2zM650.2 601c-11-5.6-65.6-32.4-75.8-36-10.2-3.8-17.6-5.6-25 5.6s-28.6 36-35.2 43.6c-6.4 7.4-13 8.4-24 2.8-65.2-32.6-108-58.2-151-132-11.4-19.6 11.4-18.2 32.6-60.6 3.6-7.4 1.8-13.8-1-19.4s-25-60.2-34.2-82.4c-9-21.6-18.2-18.6-25-19-6.4-0.4-13.8-0.4-21.2-0.4s-19.4 2.8-29.6 13.8c-10.2 11.2-38.8 38-38.8 92.6s39.8 107.4 45.2 114.8c5.6 7.4 78.2 119.4 189.6 167.6 70.4 30.4 98 33 133.2 27.8 21.4-3.2 65.6-26.8 74.8-52.8s9.2-48.2 6.4-52.8c-2.6-5-10-7.8-21-13.2z\"><\/path><\/svg><\/span><span class=\"gspb-buttonbox-text\"><span class=\"gspb-buttonbox-title\">WhatsApp<\/span><\/span><\/span><\/a><\/div>\n\n\n\n<div style=\"height:100px\" aria-hidden=\"true\" class=\"wp-block-spacer\"><\/div>","protected":false},"excerpt":{"rendered":"<p>AXXIS Costa del Sol \u2013 Strategic Pricing Model AXXIS Costa del Sol is a premium company specialising in local transport services and motorcycle transport across the Costa del Sol and the Province of M\u00e1laga. Contact us and request a quote Important: Service Conditions Contact us for a quote<\/p>","protected":false},"author":1,"featured_media":0,"parent":0,"menu_order":0,"comment_status":"closed","ping_status":"closed","template":"","meta":{"_gspb_post_css":"#gspb_button-id-gsbp-8dbc55a{display:flex;justify-content:center}#gspb_button-id-gsbp-8dbc55a .gspb-buttonbox-text{display:flex;flex-direction:column}#gspb_button-id-gsbp-8dbc55a>.gspb-buttonbox{box-sizing:border-box}#gspb_button-id-gsbp-8dbc55a>.gspb-buttonbox>.gspb-buttonbox-textwrap>.gspb-buttonbox-icon{display:flex}#gspb_button-id-gsbp-8dbc55a>.gspb-buttonbox .gspb-buttonbox-icon svg,#gspb_button-id-gsbp-8dbc55a>.gspb-buttonbox .gspb-buttonbox-icon svg path{fill:var(--wp--preset--color--palette-color-5, var(--theme-palette-color-5, #1e2b1a))!important}#gspb_button-id-gsbp-8dbc55a>.gspb-buttonbox .gspb-buttonbox-icon svg{margin:0!important}#gspb_button-id-gsbp-8dbc55a>.gspb-buttonbox:hover .gspb-buttonbox-icon svg,#gspb_button-id-gsbp-8dbc55a>.gspb-buttonbox:hover .gspb-buttonbox-icon svg path{fill:var(--wp--preset--color--palette-color-8, var(--theme-palette-color-8, #000000))!important}#gspb_button-id-gsbp-8dbc55a>.gspb-buttonbox>.gspb-buttonbox-textwrap{display:flex;flex-direction:row;align-items:center}#gspb_button-id-gsbp-8dbc55a .gspb-buttonbox-icon{margin-right:13px}#gspb_button-id-gsbp-8dbc55a>.gspb-buttonbox{background-color:var(--wp--preset--color--palette-color-1, var(--theme-palette-color-1, #D3B451))}@media (max-width:991.98px){#gspb_button-id-gsbp-8dbc55a>.gspb-buttonbox{background-color:var(--wp--preset--color--palette-color-1, var(--theme-palette-color-1, #D3B451))}}@media (max-width:767.98px){#gspb_button-id-gsbp-8dbc55a>.gspb-buttonbox{background-color:var(--wp--preset--color--palette-color-1, var(--theme-palette-color-1, #D3B451))}}@media (max-width:575.98px){#gspb_button-id-gsbp-8dbc55a>.gspb-buttonbox{background-color:var(--wp--preset--color--palette-color-1, var(--theme-palette-color-1, #D3B451))}}#gspb_button-id-gsbp-8dbc55a>.gspb-buttonbox{color:var(--wp--preset--color--palette-color-5, var(--theme-palette-color-5, #1e2b1a))}#gspb_button-id-gsbp-8dbc55a>.gspb-buttonbox:hover{color:var(--wp--preset--color--palette-color-8, var(--theme-palette-color-8, #000000))}","_themeisle_gutenberg_block_has_review":false,"footnotes":""},"class_list":["post-1370","page","type-page","status-publish","hentry"],"blocksy_meta":{"has_hero_section":"disabled","styles_descriptor":{"styles":{"desktop":"","tablet":"","mobile":""},"google_fonts":[],"version":6}},"_hostinger_reach_plugin_has_subscription_block":false,"_hostinger_reach_plugin_is_elementor":false,"_links":{"self":[{"href":"https:\/\/axxiscostadelsol.es\/es\/wp-json\/wp\/v2\/pages\/1370","targetHints":{"allow":["GET"]}}],"collection":[{"href":"https:\/\/axxiscostadelsol.es\/es\/wp-json\/wp\/v2\/pages"}],"about":[{"href":"https:\/\/axxiscostadelsol.es\/es\/wp-json\/wp\/v2\/types\/page"}],"author":[{"embeddable":true,"href":"https:\/\/axxiscostadelsol.es\/es\/wp-json\/wp\/v2\/users\/1"}],"replies":[{"embeddable":true,"href":"https:\/\/axxiscostadelsol.es\/es\/wp-json\/wp\/v2\/comments?post=1370"}],"version-history":[{"count":3,"href":"https:\/\/axxiscostadelsol.es\/es\/wp-json\/wp\/v2\/pages\/1370\/revisions"}],"predecessor-version":[{"id":1376,"href":"https:\/\/axxiscostadelsol.es\/es\/wp-json\/wp\/v2\/pages\/1370\/revisions\/1376"}],"wp:attachment":[{"href":"https:\/\/axxiscostadelsol.es\/es\/wp-json\/wp\/v2\/media?parent=1370"}],"curies":[{"name":"wp","href":"https:\/\/api.w.org\/{rel}","templated":true}]}}